{"id":1536,"date":"2022-01-24T17:54:42","date_gmt":"2022-01-24T17:54:42","guid":{"rendered":"http:\/\/vivalavidabuena.com\/?page_id=1536"},"modified":"2025-01-02T13:17:08","modified_gmt":"2025-01-02T11:17:08","slug":"politica-de-privacidad","status":"publish","type":"page","link":"https:\/\/vivalavidabuena.com\/es\/privacy-policy\/","title":{"rendered":"Pol\u00edtica de privacidad"},"content":{"rendered":"<div data-elementor-type=\"wp-page\" data-elementor-id=\"1536\" class=\"elementor elementor-1536\" data-elementor-post-type=\"page\">\n\t\t\t\t\t\t<section class=\"elementor-section elementor-top-section elementor-element elementor-element-1f9dfbf0 elementor-section-boxed elementor-section-height-default elementor-section-height-default\" data-id=\"1f9dfbf0\" data-element_type=\"section\" data-e-type=\"section\">\n\t\t\t\t\t\t<div class=\"elementor-container elementor-column-gap-default\">\n\t\t\t\t\t<div class=\"elementor-column elementor-col-100 elementor-top-column elementor-element elementor-element-7240fa37\" data-id=\"7240fa37\" data-element_type=\"column\" data-e-type=\"column\">\n\t\t\t<div class=\"elementor-widget-wrap elementor-element-populated\">\n\t\t\t\t\t\t<div class=\"elementor-element elementor-element-982eaa9 elementor-widget elementor-widget-text-editor\" data-id=\"982eaa9\" data-element_type=\"widget\" data-e-type=\"widget\" data-widget_type=\"text-editor.default\">\n\t\t\t\t<div class=\"elementor-widget-container\">\n\t\t\t\t\t\t\t\t\t \t\t\t\t\t\t\t\t<\/div>\n\t\t\t\t<\/div>\n\t\t\t\t\t<\/div>\n\t\t<\/div>\n\t\t\t\t\t<\/div>\n\t\t<\/section>\n\t\t\t\t<section class=\"elementor-section elementor-top-section elementor-element elementor-element-4ca70471 elementor-section-boxed elementor-section-height-default elementor-section-height-default\" data-id=\"4ca70471\" data-element_type=\"section\" data-e-type=\"section\">\n\t\t\t\t\t\t<div class=\"elementor-container elementor-column-gap-default\">\n\t\t\t\t\t<div class=\"elementor-column elementor-col-100 elementor-top-column elementor-element elementor-element-3ebcd46d\" data-id=\"3ebcd46d\" data-element_type=\"column\" data-e-type=\"column\">\n\t\t\t<div class=\"elementor-widget-wrap elementor-element-populated\">\n\t\t\t\t\t\t<div class=\"elementor-element elementor-element-1e668a0a elementor-widget elementor-widget-text-editor\" data-id=\"1e668a0a\" data-element_type=\"widget\" data-e-type=\"widget\" data-widget_type=\"text-editor.default\">\n\t\t\t\t<div class=\"elementor-widget-container\">\n\t\t\t\t\t\t\t\t\t \t\t\t\t\t\t\t\t<\/div>\n\t\t\t\t<\/div>\n\t\t\t\t\t<\/div>\n\t\t<\/div>\n\t\t\t\t\t<\/div>\n\t\t<\/section>\n\t\t\t\t<section class=\"elementor-section elementor-top-section elementor-element elementor-element-7f2f4b5e elementor-section-boxed elementor-section-height-default elementor-section-height-default\" data-id=\"7f2f4b5e\" data-element_type=\"section\" data-e-type=\"section\">\n\t\t\t\t\t\t<div class=\"elementor-container elementor-column-gap-default\">\n\t\t\t\t\t<div class=\"elementor-column elementor-col-100 elementor-top-column elementor-element elementor-element-58fc3a2f\" data-id=\"58fc3a2f\" data-element_type=\"column\" data-e-type=\"column\">\n\t\t\t<div class=\"elementor-widget-wrap elementor-element-populated\">\n\t\t\t\t\t\t<div class=\"elementor-element elementor-element-348ee081 elementor-widget elementor-widget-text-editor\" data-id=\"348ee081\" data-element_type=\"widget\" data-e-type=\"widget\" data-widget_type=\"text-editor.default\">\n\t\t\t\t<div class=\"elementor-widget-container\">\n\t\t\t\t\t\t\t\t\t \t\t\t\t\t\t\t\t<\/div>\n\t\t\t\t<\/div>\n\t\t\t\t\t<\/div>\n\t\t<\/div>\n\t\t\t\t\t<\/div>\n\t\t<\/section>\n\t\t\t\t<section class=\"elementor-section elementor-top-section elementor-element elementor-element-446299d4 elementor-section-boxed elementor-section-height-default elementor-section-height-default\" data-id=\"446299d4\" data-element_type=\"section\" data-e-type=\"section\">\n\t\t\t\t\t\t<div class=\"elementor-container elementor-column-gap-default\">\n\t\t\t\t\t<div class=\"elementor-column elementor-col-100 elementor-top-column elementor-element elementor-element-602daf57\" data-id=\"602daf57\" data-element_type=\"column\" data-e-type=\"column\">\n\t\t\t<div class=\"elementor-widget-wrap elementor-element-populated\">\n\t\t\t\t\t\t<div class=\"elementor-element elementor-element-26ccb5c4 elementor-widget elementor-widget-heading\" data-id=\"26ccb5c4\" data-element_type=\"widget\" data-e-type=\"widget\" data-widget_type=\"heading.default\">\n\t\t\t\t<div class=\"elementor-widget-container\">\n\t\t\t\t\t<h1 class=\"elementor-heading-title elementor-size-default\">Pol\u00edtica de privacidad.<\/h1>\t\t\t\t<\/div>\n\t\t\t\t<\/div>\n\t\t\t\t\t<\/div>\n\t\t<\/div>\n\t\t\t\t\t<\/div>\n\t\t<\/section>\n\t\t\t\t<section class=\"elementor-section elementor-top-section elementor-element elementor-element-3beee49a elementor-section-boxed elementor-section-height-default elementor-section-height-default\" data-id=\"3beee49a\" data-element_type=\"section\" data-e-type=\"section\">\n\t\t\t\t\t\t<div class=\"elementor-container elementor-column-gap-default\">\n\t\t\t\t\t<div class=\"elementor-column elementor-col-66 elementor-top-column elementor-element elementor-element-2532a46b\" data-id=\"2532a46b\" data-element_type=\"column\" data-e-type=\"column\">\n\t\t\t<div class=\"elementor-widget-wrap elementor-element-populated\">\n\t\t\t\t\t\t<div class=\"elementor-element elementor-element-1ab0d911 elementor-widget elementor-widget-text-editor\" data-id=\"1ab0d911\" data-element_type=\"widget\" data-e-type=\"widget\" data-widget_type=\"text-editor.default\">\n\t\t\t\t<div class=\"elementor-widget-container\">\n\t\t\t\t\t\t\t\t\t<p>Esta declaraci\u00f3n de privacidad se aplica a todos los servicios de Viva la Vida Buena. En esta declaraci\u00f3n de privacidad explicamos qu\u00e9 datos personales recopilamos y utilizamos y con qu\u00e9 fin. Por lo tanto, le recomendamos que lea atentamente esta declaraci\u00f3n.<\/p>\t\t\t\t\t\t\t\t<\/div>\n\t\t\t\t<\/div>\n\t\t\t\t\t<\/div>\n\t\t<\/div>\n\t\t\t\t<div class=\"elementor-column elementor-col-33 elementor-top-column elementor-element elementor-element-49136913\" data-id=\"49136913\" data-element_type=\"column\" data-e-type=\"column\">\n\t\t\t<div class=\"elementor-widget-wrap\">\n\t\t\t\t\t\t\t<\/div>\n\t\t<\/div>\n\t\t\t\t\t<\/div>\n\t\t<\/section>\n\t\t\t\t<section class=\"elementor-section elementor-top-section elementor-element elementor-element-77de9e0b elementor-section-boxed elementor-section-height-default elementor-section-height-default\" data-id=\"77de9e0b\" data-element_type=\"section\" data-e-type=\"section\">\n\t\t\t\t\t\t<div class=\"elementor-container elementor-column-gap-default\">\n\t\t\t\t\t<div class=\"elementor-column elementor-col-100 elementor-top-column elementor-element elementor-element-2112e36f\" data-id=\"2112e36f\" data-element_type=\"column\" data-e-type=\"column\">\n\t\t\t<div class=\"elementor-widget-wrap elementor-element-populated\">\n\t\t\t\t\t\t<div class=\"elementor-element elementor-element-28e815a9 elementor-widget elementor-widget-spacer\" data-id=\"28e815a9\" data-element_type=\"widget\" data-e-type=\"widget\" data-widget_type=\"spacer.default\">\n\t\t\t\t<div class=\"elementor-widget-container\">\n\t\t\t\t\t\t\t<div class=\"elementor-spacer\">\n\t\t\t<div class=\"elementor-spacer-inner\"><\/div>\n\t\t<\/div>\n\t\t\t\t\t\t<\/div>\n\t\t\t\t<\/div>\n\t\t\t\t\t<\/div>\n\t\t<\/div>\n\t\t\t\t\t<\/div>\n\t\t<\/section>\n\t\t\t\t<section class=\"elementor-section elementor-top-section elementor-element elementor-element-5fa44a33 elementor-section-boxed elementor-section-height-default elementor-section-height-default\" data-id=\"5fa44a33\" data-element_type=\"section\" data-e-type=\"section\">\n\t\t\t\t\t\t<div class=\"elementor-container elementor-column-gap-default\">\n\t\t\t\t\t<div class=\"elementor-column elementor-col-33 elementor-top-column elementor-element elementor-element-ee10cca\" data-id=\"ee10cca\" data-element_type=\"column\" data-e-type=\"column\">\n\t\t\t<div class=\"elementor-widget-wrap elementor-element-populated\">\n\t\t\t\t\t\t<div class=\"elementor-element elementor-element-2d899035 elementor-widget elementor-widget-image\" data-id=\"2d899035\" data-element_type=\"widget\" data-e-type=\"widget\" data-widget_type=\"image.default\">\n\t\t\t\t<div class=\"elementor-widget-container\">\n\t\t\t\t\t\t\t\t\t\t\t\t\t\t\t<img fetchpriority=\"high\" decoding=\"async\" width=\"683\" height=\"1024\" src=\"https:\/\/vivalavidabuena.com\/wp-content\/uploads\/CALAVALL-LLIBER-015.jpg\" class=\"attachment-large size-large wp-image-3398\" alt=\"Casa de pueblo con estilo en el pintoresco Ll\u00edber Jalon Vally Costa Blanca\" srcset=\"https:\/\/vivalavidabuena.com\/wp-content\/uploads\/\/CALAVALL-LLIBER-015.jpg 1365w, https:\/\/vivalavidabuena.com\/wp-content\/uploads\/\/CALAVALL-LLIBER-015-600x900.jpg 600w\" sizes=\"(max-width: 683px) 100vw, 683px\" \/>\t\t\t\t\t\t\t\t\t\t\t\t\t\t\t<\/div>\n\t\t\t\t<\/div>\n\t\t\t\t\t<\/div>\n\t\t<\/div>\n\t\t\t\t<div class=\"elementor-column elementor-col-33 elementor-top-column elementor-element elementor-element-2d2b0cc4\" data-id=\"2d2b0cc4\" data-element_type=\"column\" data-e-type=\"column\">\n\t\t\t<div class=\"elementor-widget-wrap elementor-element-populated\">\n\t\t\t\t\t\t<div class=\"elementor-element elementor-element-115c9241 elementor-widget elementor-widget-image\" data-id=\"115c9241\" data-element_type=\"widget\" data-e-type=\"widget\" data-widget_type=\"image.default\">\n\t\t\t\t<div class=\"elementor-widget-container\">\n\t\t\t\t\t\t\t\t\t\t\t\t\t\t\t<img decoding=\"async\" width=\"683\" height=\"1024\" src=\"https:\/\/vivalavidabuena.com\/wp-content\/uploads\/CALAVALL-LLIBER-007.jpg\" class=\"attachment-large size-large wp-image-3390\" alt=\"Casa de pueblo con estilo en el pintoresco Ll\u00edber Jalon Vally Costa Blanca\" srcset=\"https:\/\/vivalavidabuena.com\/wp-content\/uploads\/\/CALAVALL-LLIBER-007.jpg 1365w, https:\/\/vivalavidabuena.com\/wp-content\/uploads\/\/CALAVALL-LLIBER-007-600x900.jpg 600w\" sizes=\"(max-width: 683px) 100vw, 683px\" \/>\t\t\t\t\t\t\t\t\t\t\t\t\t\t\t<\/div>\n\t\t\t\t<\/div>\n\t\t\t\t\t<\/div>\n\t\t<\/div>\n\t\t\t\t<div class=\"elementor-column elementor-col-33 elementor-top-column elementor-element elementor-element-20bdac08\" data-id=\"20bdac08\" data-element_type=\"column\" data-e-type=\"column\">\n\t\t\t<div class=\"elementor-widget-wrap elementor-element-populated\">\n\t\t\t\t\t\t<div class=\"elementor-element elementor-element-5ca5f77a elementor-widget elementor-widget-image\" data-id=\"5ca5f77a\" data-element_type=\"widget\" data-e-type=\"widget\" data-widget_type=\"image.default\">\n\t\t\t\t<div class=\"elementor-widget-container\">\n\t\t\t\t\t\t\t\t\t\t\t\t\t\t\t<img decoding=\"async\" width=\"683\" height=\"1024\" src=\"https:\/\/vivalavidabuena.com\/wp-content\/uploads\/CALAVALL-LLIBER-032.jpg\" class=\"attachment-large size-large wp-image-3415\" alt=\"Casa de pueblo con estilo en el pintoresco Ll\u00edber Jalon Vally Costa Blanca\" srcset=\"https:\/\/vivalavidabuena.com\/wp-content\/uploads\/\/CALAVALL-LLIBER-032.jpg 1365w, https:\/\/vivalavidabuena.com\/wp-content\/uploads\/\/CALAVALL-LLIBER-032-600x900.jpg 600w\" sizes=\"(max-width: 683px) 100vw, 683px\" \/>\t\t\t\t\t\t\t\t\t\t\t\t\t\t\t<\/div>\n\t\t\t\t<\/div>\n\t\t\t\t\t<\/div>\n\t\t<\/div>\n\t\t\t\t\t<\/div>\n\t\t<\/section>\n\t\t\t\t<section class=\"elementor-section elementor-top-section elementor-element elementor-element-379cdb8b elementor-section-boxed elementor-section-height-default elementor-section-height-default\" data-id=\"379cdb8b\" data-element_type=\"section\" data-e-type=\"section\">\n\t\t\t\t\t\t<div class=\"elementor-container elementor-column-gap-default\">\n\t\t\t\t\t<div class=\"elementor-column elementor-col-100 elementor-top-column elementor-element elementor-element-36be53bb\" data-id=\"36be53bb\" data-element_type=\"column\" data-e-type=\"column\">\n\t\t\t<div class=\"elementor-widget-wrap elementor-element-populated\">\n\t\t\t\t\t\t<div class=\"elementor-element elementor-element-3a9b1e2e elementor-widget elementor-widget-spacer\" data-id=\"3a9b1e2e\" data-element_type=\"widget\" data-e-type=\"widget\" data-widget_type=\"spacer.default\">\n\t\t\t\t<div class=\"elementor-widget-container\">\n\t\t\t\t\t\t\t<div class=\"elementor-spacer\">\n\t\t\t<div class=\"elementor-spacer-inner\"><\/div>\n\t\t<\/div>\n\t\t\t\t\t\t<\/div>\n\t\t\t\t<\/div>\n\t\t\t\t\t<\/div>\n\t\t<\/div>\n\t\t\t\t\t<\/div>\n\t\t<\/section>\n\t\t\t\t<section class=\"elementor-section elementor-top-section elementor-element elementor-element-4c01c48b elementor-section-boxed elementor-section-height-default elementor-section-height-default\" data-id=\"4c01c48b\" data-element_type=\"section\" data-e-type=\"section\">\n\t\t\t\t\t\t<div class=\"elementor-container elementor-column-gap-default\">\n\t\t\t\t\t<div class=\"elementor-column elementor-col-100 elementor-top-column elementor-element elementor-element-6a64618e\" data-id=\"6a64618e\" data-element_type=\"column\" data-e-type=\"column\">\n\t\t\t<div class=\"elementor-widget-wrap elementor-element-populated\">\n\t\t\t\t\t\t<div class=\"elementor-element elementor-element-519adf5d elementor-widget elementor-widget-text-editor\" data-id=\"519adf5d\" data-element_type=\"widget\" data-e-type=\"widget\" data-widget_type=\"text-editor.default\">\n\t\t\t\t<div class=\"elementor-widget-container\">\n\t\t\t\t\t\t\t\t\t<p><b>&nbsp;PROTECCI\u00d3N DE DATOS<\/b><br>Esta declaraci\u00f3n de privacidad se aplica a todos los servicios de Viva la Vida Buena. En esta declaraci\u00f3n de privacidad explicamos qu\u00e9 datos personales recopilamos y utilizamos y con qu\u00e9 fin. Por lo tanto, le recomendamos que lea atentamente esta declaraci\u00f3n.<br><br>Viva la Vida Buena, con domicilio en Calle la Luna 10a, 03729 Lliber, Alicante, Espa\u00f1a, es responsable del tratamiento de los datos de car\u00e1cter personal indicados en esta declaraci\u00f3n de privacidad.<br><br>Datos de contacto:<br>www.vivalavidabuena.com<br>Calle la Luna 10a, 03729 Ll\u00edber, Alicante, Espa\u00f1a<br>+34-664623968<br><br><b>Datos personales<\/b><br>Viva la Vida Buena trata sus datos personales porque usted utiliza nuestros servicios y\/o porque usted mismo nos los facilita.<br><br>A continuaci\u00f3n encontrar\u00e1 un resumen de los datos personales que procesamos:<br>- Nombre y apellidos.<br>- G\u00e9nero<br>- Datos de la direcci\u00f3n.<br>- Direcci\u00f3n de correo electr\u00f3nico.<br>- N\u00famero de tel\u00e9fono.<br>- Una copia del pasaporte o documento de identidad y sus datos.<br>- Otros datos personales que usted facilite activamente, por ejemplo creando un perfil en este sitio web, en correspondencia y por tel\u00e9fono.<br>- Informaci\u00f3n sobre sus actividades en nuestro sitio web.<br><br><b>Datos personales especiales y\/o sensibles<\/b><br>Nuestro sitio web y\/o servicio no pretende recopilar datos sobre visitantes del sitio web menores de 16 a\u00f1os. A menos que cuenten con el permiso de sus padres o tutores. Sin embargo, no podemos comprobar si un visitante es mayor de 16 a\u00f1os. Por lo tanto, aconsejamos a los padres que se impliquen en las actividades en l\u00ednea de sus hijos, para evitar que se recopilen datos sobre menores sin el consentimiento paterno. Si est\u00e1 convencido de que hemos recopilado datos personales de un menor sin este permiso, p\u00f3ngase en contacto con nosotros en hello@vivalavidabuena.com y los eliminaremos.<br><br><b>Para qu\u00e9<\/b><br>Viva la Vida Buena trata sus datos personales para los siguientes fines:<br>- Tramitaci\u00f3n de su pago y\/o reserva.<br>- Registr\u00e1ndote a ti y a tus compa\u00f1eros de viaje para cumplir con la legislaci\u00f3n espa\u00f1ola.<br>- Env\u00edo de nuestro bolet\u00edn y\/o folleto publicitario.<br>- Para poder llamarle o enviarle un correo electr\u00f3nico si es necesario para poder llevar a cabo nuestros servicios.<br>- Informarle sobre cambios en nuestros servicios y productos.<br>- Ofrecerle la opci\u00f3n de crear una cuenta.<br>- Para suministrarle bienes y servicios.<br>- Viva la Vida Buena analiza su comportamiento en el sitio web con el fin de mejorarlo y adaptar la gama de productos y servicios a sus preferencias.<br>- Viva la Vida Buena SL tambi\u00e9n procesa datos personales si estamos legalmente obligados a hacerlo, como los datos que necesitamos para nuestra declaraci\u00f3n de impuestos o el registro de hu\u00e9spedes.<br><br><b>Toma de decisiones automatizada<\/b><br>Viva la Vida Buena no toma decisiones basadas en un tratamiento automatizado.<br><br><b>Almacenamiento de datos personales<\/b><br>Viva la Vida Buena no almacena sus datos personales m\u00e1s tiempo del estrictamente necesario para realizar los fines para los que se recogen sus datos. Una copia del DNI se almacena durante el tiempo que exige el Gobierno espa\u00f1ol.<br><br><b>Compartir datos personales con terceros<\/b><br>Viva la Vida Buena s\u00f3lo proporciona a terceros y s\u00f3lo si esto es necesario para la ejecuci\u00f3n de nuestro acuerdo con usted o para cumplir con una obligaci\u00f3n legal.<br><br>En este contexto, estamos obligados a facilitar al Gobierno espa\u00f1ol (es decir, a la Guardia Civil) informaci\u00f3n sobre cada hu\u00e9sped.  Una copia de esta declaraci\u00f3n, junto con el escaneado o la copia de su documento de identidad, no ser\u00e1 conservada por nosotros a disposici\u00f3n del Gobierno espa\u00f1ol durante m\u00e1s tiempo del legalmente establecido, de acuerdo con la obligaci\u00f3n legal.<br><br><b>Cookies o t\u00e9cnicas similares<\/b><br>Viva la Vida Buena SL utiliza cookies funcionales, anal\u00edticas y de seguimiento. Una cookie es un peque\u00f1o archivo de texto que se almacena en el navegador de su ordenador, tableta o smartphone cuando visita este sitio web por primera vez. Viva la Vida Buena SL utiliza cookies con una funcionalidad puramente t\u00e9cnica. Estas garantizan que el sitio web funcione correctamente y que, por ejemplo, se recuerde su configuraci\u00f3n de preferencias. Estas cookies tambi\u00e9n se utilizan para garantizar que el sitio web funcione correctamente y para optimizarlo. Tambi\u00e9n colocamos cookies que rastrean su comportamiento de navegaci\u00f3n para poder ofrecerle contenidos y anuncios personalizados.<br><br>En su primera visita a nuestro sitio web, ya le informamos sobre estas cookies y le pedimos permiso para colocarlas.<br><br>Puede darse de baja de las cookies configurando su navegador de Internet para que deje de almacenarlas. Adem\u00e1s, tambi\u00e9n puede eliminar toda la informaci\u00f3n almacenada anteriormente a trav\u00e9s de la configuraci\u00f3n de su navegador.<br><br><b>Ver, modificar o eliminar datos<\/b><br>Tiene derecho a consultar, rectificar o suprimir sus datos personales. Adem\u00e1s, tiene derecho a retirar su consentimiento para el tratamiento de datos o a oponerse al tratamiento de sus datos personales por parte de Viva la Vida Buena y tiene derecho a la portabilidad de los datos. Esto significa que puede solicitarnos que le enviemos los datos personales que tenemos sobre usted en un archivo inform\u00e1tico a usted o a otra organizaci\u00f3n mencionada por usted.<br><br>Puede enviar una solicitud de acceso, rectificaci\u00f3n, supresi\u00f3n, transferencia de sus datos personales o solicitud de retirada de su consentimiento u oposici\u00f3n al tratamiento de sus datos personales a hello@vivalavidabuena.com.<br><br>Para garantizar que la solicitud de acceso ha sido realizada por usted, le rogamos que env\u00ede junto con la solicitud una copia de su documento de identidad. Haga que la foto de su pasaporte, la MRZ (zona legible por m\u00e1quina, la franja con n\u00fameros en la parte inferior del pasaporte), el n\u00famero de pasaporte y su n\u00famero de identificaci\u00f3n personal sean de color negro. Esto es para proteger su intimidad. Responderemos a su solicitud lo antes posible, pero en un plazo m\u00e1ximo de dos semanas.<br><br><b>C\u00f3mo protegemos los datos personales<\/b><br>Viva la Vida Buena se toma muy en serio la protecci\u00f3n de sus datos y adopta las medidas adecuadas para evitar el uso indebido, la p\u00e9rdida, el acceso no autorizado, la divulgaci\u00f3n no deseada y la modificaci\u00f3n no autorizada. Si considera que sus datos no est\u00e1n debidamente protegidos o existen indicios de uso indebido, p\u00f3ngase en contacto a trav\u00e9s de hello@vivalavidabuena.com.<br><\/p>\t\t\t\t\t\t\t\t<\/div>\n\t\t\t\t<\/div>\n\t\t\t\t\t<\/div>\n\t\t<\/div>\n\t\t\t\t\t<\/div>\n\t\t<\/section>\n\t\t\t\t<\/div>","protected":false},"excerpt":{"rendered":"<p>Pol\u00edtica de privacidad. Esta declaraci\u00f3n de privacidad se aplica a todos los servicios de ...<\/p>","protected":false},"author":13,"featured_media":0,"parent":0,"menu_order":0,"comment_status":"closed","ping_status":"closed","template":"","meta":{"_joinchat":[],"footnotes":""},"class_list":["post-1536","page","type-page","status-publish","hentry"],"_links":{"self":[{"href":"https:\/\/vivalavidabuena.com\/es\/wp-json\/wp\/v2\/pages\/1536","targetHints":{"allow":["GET"]}}],"collection":[{"href":"https:\/\/vivalavidabuena.com\/es\/wp-json\/wp\/v2\/pages"}],"about":[{"href":"https:\/\/vivalavidabuena.com\/es\/wp-json\/wp\/v2\/types\/page"}],"author":[{"embeddable":true,"href":"https:\/\/vivalavidabuena.com\/es\/wp-json\/wp\/v2\/users\/13"}],"replies":[{"embeddable":true,"href":"https:\/\/vivalavidabuena.com\/es\/wp-json\/wp\/v2\/comments?post=1536"}],"version-history":[{"count":6,"href":"https:\/\/vivalavidabuena.com\/es\/wp-json\/wp\/v2\/pages\/1536\/revisions"}],"predecessor-version":[{"id":7763,"href":"https:\/\/vivalavidabuena.com\/es\/wp-json\/wp\/v2\/pages\/1536\/revisions\/7763"}],"wp:attachment":[{"href":"https:\/\/vivalavidabuena.com\/es\/wp-json\/wp\/v2\/media?parent=1536"}],"curies":[{"name":"wp","href":"https:\/\/api.w.org\/{rel}","templated":true}]}}