{"id":5593,"date":"2023-10-07T18:52:09","date_gmt":"2023-10-07T16:52:09","guid":{"rendered":"https:\/\/vivalavidabuena.com\/?page_id=5593"},"modified":"2025-01-02T13:13:59","modified_gmt":"2025-01-02T11:13:59","slug":"descargo-de-responsabilidad","status":"publish","type":"page","link":"https:\/\/vivalavidabuena.com\/es\/disclaimer\/","title":{"rendered":"Descargo de responsabilidad"},"content":{"rendered":"<div data-elementor-type=\"wp-page\" data-elementor-id=\"5593\" class=\"elementor elementor-5593\" data-elementor-post-type=\"page\">\n\t\t\t\t\t\t<section class=\"elementor-section elementor-top-section elementor-element elementor-element-31220b9b elementor-section-boxed elementor-section-height-default elementor-section-height-default\" data-id=\"31220b9b\" data-element_type=\"section\" data-e-type=\"section\">\n\t\t\t\t\t\t<div class=\"elementor-container elementor-column-gap-default\">\n\t\t\t\t\t<div class=\"elementor-column elementor-col-100 elementor-top-column elementor-element elementor-element-590f1392\" data-id=\"590f1392\" data-element_type=\"column\" data-e-type=\"column\">\n\t\t\t<div class=\"elementor-widget-wrap elementor-element-populated\">\n\t\t\t\t\t\t<div class=\"elementor-element elementor-element-27a8ba72 elementor-widget elementor-widget-text-editor\" data-id=\"27a8ba72\" data-element_type=\"widget\" data-e-type=\"widget\" data-widget_type=\"text-editor.default\">\n\t\t\t\t<div class=\"elementor-widget-container\">\n\t\t\t\t\t\t\t\t\t \t\t\t\t\t\t\t\t<\/div>\n\t\t\t\t<\/div>\n\t\t\t\t\t<\/div>\n\t\t<\/div>\n\t\t\t\t\t<\/div>\n\t\t<\/section>\n\t\t\t\t<section class=\"elementor-section elementor-top-section elementor-element elementor-element-5e076c56 elementor-section-boxed elementor-section-height-default elementor-section-height-default\" data-id=\"5e076c56\" data-element_type=\"section\" data-e-type=\"section\">\n\t\t\t\t\t\t<div class=\"elementor-container elementor-column-gap-default\">\n\t\t\t\t\t<div class=\"elementor-column elementor-col-100 elementor-top-column elementor-element elementor-element-4787838b\" data-id=\"4787838b\" data-element_type=\"column\" data-e-type=\"column\">\n\t\t\t<div class=\"elementor-widget-wrap elementor-element-populated\">\n\t\t\t\t\t\t<div class=\"elementor-element elementor-element-18967896 elementor-widget elementor-widget-text-editor\" data-id=\"18967896\" data-element_type=\"widget\" data-e-type=\"widget\" data-widget_type=\"text-editor.default\">\n\t\t\t\t<div class=\"elementor-widget-container\">\n\t\t\t\t\t\t\t\t\t \t\t\t\t\t\t\t\t<\/div>\n\t\t\t\t<\/div>\n\t\t\t\t\t<\/div>\n\t\t<\/div>\n\t\t\t\t\t<\/div>\n\t\t<\/section>\n\t\t\t\t<section class=\"elementor-section elementor-top-section elementor-element elementor-element-170d1b1a elementor-section-boxed elementor-section-height-default elementor-section-height-default\" data-id=\"170d1b1a\" data-element_type=\"section\" data-e-type=\"section\">\n\t\t\t\t\t\t<div class=\"elementor-container elementor-column-gap-default\">\n\t\t\t\t\t<div class=\"elementor-column elementor-col-100 elementor-top-column elementor-element elementor-element-4d4d0d67\" data-id=\"4d4d0d67\" data-element_type=\"column\" data-e-type=\"column\">\n\t\t\t<div class=\"elementor-widget-wrap elementor-element-populated\">\n\t\t\t\t\t\t<div class=\"elementor-element elementor-element-6c7a80e3 elementor-widget elementor-widget-text-editor\" data-id=\"6c7a80e3\" data-element_type=\"widget\" data-e-type=\"widget\" data-widget_type=\"text-editor.default\">\n\t\t\t\t<div class=\"elementor-widget-container\">\n\t\t\t\t\t\t\t\t\t \t\t\t\t\t\t\t\t<\/div>\n\t\t\t\t<\/div>\n\t\t\t\t\t<\/div>\n\t\t<\/div>\n\t\t\t\t\t<\/div>\n\t\t<\/section>\n\t\t\t\t<section class=\"elementor-section elementor-top-section elementor-element elementor-element-3dbe14c9 elementor-section-boxed elementor-section-height-default elementor-section-height-default\" data-id=\"3dbe14c9\" data-element_type=\"section\" data-e-type=\"section\">\n\t\t\t\t\t\t<div class=\"elementor-container elementor-column-gap-default\">\n\t\t\t\t\t<div class=\"elementor-column elementor-col-100 elementor-top-column elementor-element elementor-element-786965ea\" data-id=\"786965ea\" data-element_type=\"column\" data-e-type=\"column\">\n\t\t\t<div class=\"elementor-widget-wrap elementor-element-populated\">\n\t\t\t\t\t\t<div class=\"elementor-element elementor-element-5bdc0e48 elementor-widget elementor-widget-heading\" data-id=\"5bdc0e48\" data-element_type=\"widget\" data-e-type=\"widget\" data-widget_type=\"heading.default\">\n\t\t\t\t<div class=\"elementor-widget-container\">\n\t\t\t\t\t<h1 class=\"elementor-heading-title elementor-size-default\">Descargo de responsabilidad.<\/h1>\t\t\t\t<\/div>\n\t\t\t\t<\/div>\n\t\t\t\t\t<\/div>\n\t\t<\/div>\n\t\t\t\t\t<\/div>\n\t\t<\/section>\n\t\t\t\t<section class=\"elementor-section elementor-top-section elementor-element elementor-element-39e2700 elementor-section-boxed elementor-section-height-default elementor-section-height-default\" data-id=\"39e2700\" data-element_type=\"section\" data-e-type=\"section\">\n\t\t\t\t\t\t<div class=\"elementor-container elementor-column-gap-default\">\n\t\t\t\t\t<div class=\"elementor-column elementor-col-66 elementor-top-column elementor-element elementor-element-219dbc5\" data-id=\"219dbc5\" data-element_type=\"column\" data-e-type=\"column\">\n\t\t\t<div class=\"elementor-widget-wrap elementor-element-populated\">\n\t\t\t\t\t\t<div class=\"elementor-element elementor-element-746a624c elementor-widget elementor-widget-text-editor\" data-id=\"746a624c\" data-element_type=\"widget\" data-e-type=\"widget\" data-widget_type=\"text-editor.default\">\n\t\t\t\t<div class=\"elementor-widget-container\">\n\t\t\t\t\t\t\t\t\t<p>Viva la Vida Buena SL (Registro Mercantil de Alicante, Espa\u00f1a), en adelante Viva la Vida Buena, le facilita el acceso a www.vidalavidabuena.com (\"el Sitio Web\") y le invita a adquirir los servicios que ofrecemos.<\/p><p>La empresa se reserva el derecho de modificar o suprimir cualquiera de los contenidos o elementos del sitio web, sin notific\u00e1rselo al usuario.<\/p>\t\t\t\t\t\t\t\t<\/div>\n\t\t\t\t<\/div>\n\t\t\t\t\t<\/div>\n\t\t<\/div>\n\t\t\t\t<div class=\"elementor-column elementor-col-33 elementor-top-column elementor-element elementor-element-68217d1a\" data-id=\"68217d1a\" data-element_type=\"column\" data-e-type=\"column\">\n\t\t\t<div class=\"elementor-widget-wrap\">\n\t\t\t\t\t\t\t<\/div>\n\t\t<\/div>\n\t\t\t\t\t<\/div>\n\t\t<\/section>\n\t\t\t\t<section class=\"elementor-section elementor-top-section elementor-element elementor-element-2aaa1cfd elementor-section-boxed elementor-section-height-default elementor-section-height-default\" data-id=\"2aaa1cfd\" data-element_type=\"section\" data-e-type=\"section\">\n\t\t\t\t\t\t<div class=\"elementor-container elementor-column-gap-default\">\n\t\t\t\t\t<div class=\"elementor-column elementor-col-100 elementor-top-column elementor-element elementor-element-724fd231\" data-id=\"724fd231\" data-element_type=\"column\" data-e-type=\"column\">\n\t\t\t<div class=\"elementor-widget-wrap elementor-element-populated\">\n\t\t\t\t\t\t<div class=\"elementor-element elementor-element-719c30a9 elementor-widget elementor-widget-spacer\" data-id=\"719c30a9\" data-element_type=\"widget\" data-e-type=\"widget\" data-widget_type=\"spacer.default\">\n\t\t\t\t<div class=\"elementor-widget-container\">\n\t\t\t\t\t\t\t<div class=\"elementor-spacer\">\n\t\t\t<div class=\"elementor-spacer-inner\"><\/div>\n\t\t<\/div>\n\t\t\t\t\t\t<\/div>\n\t\t\t\t<\/div>\n\t\t\t\t\t<\/div>\n\t\t<\/div>\n\t\t\t\t\t<\/div>\n\t\t<\/section>\n\t\t\t\t<section class=\"elementor-section elementor-top-section elementor-element elementor-element-786e5814 elementor-section-boxed elementor-section-height-default elementor-section-height-default\" data-id=\"786e5814\" data-element_type=\"section\" data-e-type=\"section\">\n\t\t\t\t\t\t<div class=\"elementor-container elementor-column-gap-default\">\n\t\t\t\t\t<div class=\"elementor-column elementor-col-33 elementor-top-column elementor-element elementor-element-4f8823f6\" data-id=\"4f8823f6\" data-element_type=\"column\" data-e-type=\"column\">\n\t\t\t<div class=\"elementor-widget-wrap elementor-element-populated\">\n\t\t\t\t\t\t<div class=\"elementor-element elementor-element-3e8eafb9 elementor-widget elementor-widget-image\" data-id=\"3e8eafb9\" data-element_type=\"widget\" data-e-type=\"widget\" data-widget_type=\"image.default\">\n\t\t\t\t<div class=\"elementor-widget-container\">\n\t\t\t\t\t\t\t\t\t\t\t\t\t\t\t<img fetchpriority=\"high\" decoding=\"async\" width=\"683\" height=\"1024\" src=\"https:\/\/vivalavidabuena.com\/wp-content\/uploads\/CALAVALL-LLIBER-015.jpg\" class=\"attachment-large size-large wp-image-3398\" alt=\"Casa de pueblo con estilo en el pintoresco Ll\u00edber Jalon Vally Costa Blanca\" srcset=\"https:\/\/vivalavidabuena.com\/wp-content\/uploads\/\/CALAVALL-LLIBER-015.jpg 1365w, https:\/\/vivalavidabuena.com\/wp-content\/uploads\/\/CALAVALL-LLIBER-015-600x900.jpg 600w\" sizes=\"(max-width: 683px) 100vw, 683px\" \/>\t\t\t\t\t\t\t\t\t\t\t\t\t\t\t<\/div>\n\t\t\t\t<\/div>\n\t\t\t\t\t<\/div>\n\t\t<\/div>\n\t\t\t\t<div class=\"elementor-column elementor-col-33 elementor-top-column elementor-element elementor-element-3fe74ef\" data-id=\"3fe74ef\" data-element_type=\"column\" data-e-type=\"column\">\n\t\t\t<div class=\"elementor-widget-wrap elementor-element-populated\">\n\t\t\t\t\t\t<div class=\"elementor-element elementor-element-526da144 elementor-widget elementor-widget-image\" data-id=\"526da144\" data-element_type=\"widget\" data-e-type=\"widget\" data-widget_type=\"image.default\">\n\t\t\t\t<div class=\"elementor-widget-container\">\n\t\t\t\t\t\t\t\t\t\t\t\t\t\t\t<img decoding=\"async\" width=\"683\" height=\"1024\" src=\"https:\/\/vivalavidabuena.com\/wp-content\/uploads\/CALAVALL-LLIBER-007.jpg\" class=\"attachment-large size-large wp-image-3390\" alt=\"Casa de pueblo con estilo en el pintoresco Ll\u00edber Jalon Vally Costa Blanca\" srcset=\"https:\/\/vivalavidabuena.com\/wp-content\/uploads\/\/CALAVALL-LLIBER-007.jpg 1365w, https:\/\/vivalavidabuena.com\/wp-content\/uploads\/\/CALAVALL-LLIBER-007-600x900.jpg 600w\" sizes=\"(max-width: 683px) 100vw, 683px\" \/>\t\t\t\t\t\t\t\t\t\t\t\t\t\t\t<\/div>\n\t\t\t\t<\/div>\n\t\t\t\t\t<\/div>\n\t\t<\/div>\n\t\t\t\t<div class=\"elementor-column elementor-col-33 elementor-top-column elementor-element elementor-element-2ae8776\" data-id=\"2ae8776\" data-element_type=\"column\" data-e-type=\"column\">\n\t\t\t<div class=\"elementor-widget-wrap elementor-element-populated\">\n\t\t\t\t\t\t<div class=\"elementor-element elementor-element-320f75bc elementor-widget elementor-widget-image\" data-id=\"320f75bc\" data-element_type=\"widget\" data-e-type=\"widget\" data-widget_type=\"image.default\">\n\t\t\t\t<div class=\"elementor-widget-container\">\n\t\t\t\t\t\t\t\t\t\t\t\t\t\t\t<img decoding=\"async\" width=\"683\" height=\"1024\" src=\"https:\/\/vivalavidabuena.com\/wp-content\/uploads\/CALAVALL-LLIBER-032.jpg\" class=\"attachment-large size-large wp-image-3415\" alt=\"Casa de pueblo con estilo en el pintoresco Ll\u00edber Jalon Vally Costa Blanca\" srcset=\"https:\/\/vivalavidabuena.com\/wp-content\/uploads\/\/CALAVALL-LLIBER-032.jpg 1365w, https:\/\/vivalavidabuena.com\/wp-content\/uploads\/\/CALAVALL-LLIBER-032-600x900.jpg 600w\" sizes=\"(max-width: 683px) 100vw, 683px\" \/>\t\t\t\t\t\t\t\t\t\t\t\t\t\t\t<\/div>\n\t\t\t\t<\/div>\n\t\t\t\t\t<\/div>\n\t\t<\/div>\n\t\t\t\t\t<\/div>\n\t\t<\/section>\n\t\t\t\t<section class=\"elementor-section elementor-top-section elementor-element elementor-element-24613079 elementor-section-boxed elementor-section-height-default elementor-section-height-default\" data-id=\"24613079\" data-element_type=\"section\" data-e-type=\"section\">\n\t\t\t\t\t\t<div class=\"elementor-container elementor-column-gap-default\">\n\t\t\t\t\t<div class=\"elementor-column elementor-col-100 elementor-top-column elementor-element elementor-element-6409f387\" data-id=\"6409f387\" data-element_type=\"column\" data-e-type=\"column\">\n\t\t\t<div class=\"elementor-widget-wrap elementor-element-populated\">\n\t\t\t\t\t\t<div class=\"elementor-element elementor-element-3ecfcdcc elementor-widget elementor-widget-spacer\" data-id=\"3ecfcdcc\" data-element_type=\"widget\" data-e-type=\"widget\" data-widget_type=\"spacer.default\">\n\t\t\t\t<div class=\"elementor-widget-container\">\n\t\t\t\t\t\t\t<div class=\"elementor-spacer\">\n\t\t\t<div class=\"elementor-spacer-inner\"><\/div>\n\t\t<\/div>\n\t\t\t\t\t\t<\/div>\n\t\t\t\t<\/div>\n\t\t\t\t\t<\/div>\n\t\t<\/div>\n\t\t\t\t\t<\/div>\n\t\t<\/section>\n\t\t\t\t<section class=\"elementor-section elementor-top-section elementor-element elementor-element-25745637 elementor-section-boxed elementor-section-height-default elementor-section-height-default\" data-id=\"25745637\" data-element_type=\"section\" data-e-type=\"section\">\n\t\t\t\t\t\t<div class=\"elementor-container elementor-column-gap-default\">\n\t\t\t\t\t<div class=\"elementor-column elementor-col-100 elementor-top-column elementor-element elementor-element-5d3b2c5b\" data-id=\"5d3b2c5b\" data-element_type=\"column\" data-e-type=\"column\">\n\t\t\t<div class=\"elementor-widget-wrap elementor-element-populated\">\n\t\t\t\t\t\t<div class=\"elementor-element elementor-element-1be914a0 elementor-widget elementor-widget-text-editor\" data-id=\"1be914a0\" data-element_type=\"widget\" data-e-type=\"widget\" data-widget_type=\"text-editor.default\">\n\t\t\t\t<div class=\"elementor-widget-container\">\n\t\t\t\t\t\t\t\t\t<b>Responsabilidad limitada<\/b><p>La empresa se esfuerza al m\u00e1ximo por actualizar y completar el sitio web con la mayor frecuencia posible. No obstante, es posible que los contenidos sean incompletos o incorrectos. Los materiales del Sitio Web se ofrecen sin ninguna garant\u00eda ni responsabilidad por su exactitud. Estos materiales pueden ser modificados sin notificaci\u00f3n previa por parte de la Empresa.<\/p>\n<p>Espec\u00edficamente con respecto a los precios y otra informaci\u00f3n sobre productos en el Sitio Web, no somos responsables de ning\u00fan error evidente de programaci\u00f3n o erratas. Sobre la base de tales errores, no se puede pretender haber celebrado un acuerdo con la Empresa. La Empresa no asume ninguna responsabilidad y no somos responsables de ning\u00fan da\u00f1o causado por hiperv\u00ednculos a sitios web o servicios de terceros en el Sitio web.<\/p>\n<p><b>Derechos de autor<\/b><br>Todos los derechos de propiedad intelectual de estos materiales pertenecen a la Empresa y a sus licenciantes.<\/p>\n<p><b>Otros<\/b><br>Esta cl\u00e1usula de exenci\u00f3n de responsabilidad est\u00e1 sujeta a cambios sin previo aviso.<\/p>\t\t\t\t\t\t\t\t<\/div>\n\t\t\t\t<\/div>\n\t\t\t\t\t<\/div>\n\t\t<\/div>\n\t\t\t\t\t<\/div>\n\t\t<\/section>\n\t\t\t\t<\/div>","protected":false},"excerpt":{"rendered":"<p>Descargo de responsabilidad. Viva la Vida Buena SL (Registro Mercantil de Alicante, ...<\/p>","protected":false},"author":13,"featured_media":0,"parent":0,"menu_order":0,"comment_status":"closed","ping_status":"closed","template":"","meta":{"_joinchat":[],"footnotes":""},"class_list":["post-5593","page","type-page","status-publish","hentry"],"_links":{"self":[{"href":"https:\/\/vivalavidabuena.com\/es\/wp-json\/wp\/v2\/pages\/5593","targetHints":{"allow":["GET"]}}],"collection":[{"href":"https:\/\/vivalavidabuena.com\/es\/wp-json\/wp\/v2\/pages"}],"about":[{"href":"https:\/\/vivalavidabuena.com\/es\/wp-json\/wp\/v2\/types\/page"}],"author":[{"embeddable":true,"href":"https:\/\/vivalavidabuena.com\/es\/wp-json\/wp\/v2\/users\/13"}],"replies":[{"embeddable":true,"href":"https:\/\/vivalavidabuena.com\/es\/wp-json\/wp\/v2\/comments?post=5593"}],"version-history":[{"count":4,"href":"https:\/\/vivalavidabuena.com\/es\/wp-json\/wp\/v2\/pages\/5593\/revisions"}],"predecessor-version":[{"id":7759,"href":"https:\/\/vivalavidabuena.com\/es\/wp-json\/wp\/v2\/pages\/5593\/revisions\/7759"}],"wp:attachment":[{"href":"https:\/\/vivalavidabuena.com\/es\/wp-json\/wp\/v2\/media?parent=5593"}],"curies":[{"name":"wp","href":"https:\/\/api.w.org\/{rel}","templated":true}]}}