{"id":7518,"date":"2024-12-28T16:19:38","date_gmt":"2024-12-28T14:19:38","guid":{"rendered":"https:\/\/vivalavidabuena.com\/?page_id=7518"},"modified":"2025-05-28T10:07:48","modified_gmt":"2025-05-28T08:07:48","slug":"sobre-nosotros-viva-la-vida-buena","status":"publish","type":"page","link":"https:\/\/vivalavidabuena.com\/es\/about-us-viva-la-vida-buena\/","title":{"rendered":"Sobre nosotros Viva la Vida Buena"},"content":{"rendered":"<div data-elementor-type=\"wp-page\" data-elementor-id=\"7518\" class=\"elementor elementor-7518\" data-elementor-post-type=\"page\">\n\t\t\t\t\t\t<section class=\"elementor-section elementor-top-section elementor-element elementor-element-4da08f47 elementor-section-boxed elementor-section-height-default elementor-section-height-default\" data-id=\"4da08f47\" data-element_type=\"section\" data-e-type=\"section\">\n\t\t\t\t\t\t<div class=\"elementor-container elementor-column-gap-default\">\n\t\t\t\t\t<div class=\"elementor-column elementor-col-100 elementor-top-column elementor-element elementor-element-6766a897\" data-id=\"6766a897\" data-element_type=\"column\" data-e-type=\"column\">\n\t\t\t<div class=\"elementor-widget-wrap\">\n\t\t\t\t\t\t\t<\/div>\n\t\t<\/div>\n\t\t\t\t\t<\/div>\n\t\t<\/section>\n\t\t\t\t<section class=\"elementor-section elementor-top-section elementor-element elementor-element-3ced989e elementor-section-boxed elementor-section-height-default elementor-section-height-default\" data-id=\"3ced989e\" data-element_type=\"section\" data-e-type=\"section\">\n\t\t\t\t\t\t<div class=\"elementor-container elementor-column-gap-default\">\n\t\t\t\t\t<div class=\"elementor-column elementor-col-100 elementor-top-column elementor-element elementor-element-3408d5c6\" data-id=\"3408d5c6\" data-element_type=\"column\" data-e-type=\"column\">\n\t\t\t<div class=\"elementor-widget-wrap elementor-element-populated\">\n\t\t\t\t\t\t<div class=\"elementor-element elementor-element-f632976 elementor-widget elementor-widget-spacer\" data-id=\"f632976\" data-element_type=\"widget\" data-e-type=\"widget\" data-widget_type=\"spacer.default\">\n\t\t\t\t<div class=\"elementor-widget-container\">\n\t\t\t\t\t\t\t<div class=\"elementor-spacer\">\n\t\t\t<div class=\"elementor-spacer-inner\"><\/div>\n\t\t<\/div>\n\t\t\t\t\t\t<\/div>\n\t\t\t\t<\/div>\n\t\t\t\t\t<\/div>\n\t\t<\/div>\n\t\t\t\t\t<\/div>\n\t\t<\/section>\n\t\t\t\t<section class=\"elementor-section elementor-top-section elementor-element elementor-element-3b559dc4 elementor-section-boxed elementor-section-height-default elementor-section-height-default\" data-id=\"3b559dc4\" data-element_type=\"section\" data-e-type=\"section\">\n\t\t\t\t\t\t<div class=\"elementor-container elementor-column-gap-default\">\n\t\t\t\t\t<div class=\"elementor-column elementor-col-100 elementor-top-column elementor-element elementor-element-30c72bd2\" data-id=\"30c72bd2\" data-element_type=\"column\" data-e-type=\"column\">\n\t\t\t<div class=\"elementor-widget-wrap elementor-element-populated\">\n\t\t\t\t\t\t<div class=\"elementor-element elementor-element-23a1b12d elementor-widget elementor-widget-heading\" data-id=\"23a1b12d\" data-element_type=\"widget\" data-e-type=\"widget\" data-widget_type=\"heading.default\">\n\t\t\t\t<div class=\"elementor-widget-container\">\n\t\t\t\t\t<h1 class=\"elementor-heading-title elementor-size-default\">Sobre nosotros<\/h1>\t\t\t\t<\/div>\n\t\t\t\t<\/div>\n\t\t\t\t\t<\/div>\n\t\t<\/div>\n\t\t\t\t\t<\/div>\n\t\t<\/section>\n\t\t\t\t<section class=\"elementor-section elementor-top-section elementor-element elementor-element-46a8eaa1 elementor-section-boxed elementor-section-height-default elementor-section-height-default\" data-id=\"46a8eaa1\" data-element_type=\"section\" data-e-type=\"section\">\n\t\t\t\t\t\t<div class=\"elementor-container elementor-column-gap-default\">\n\t\t\t\t\t<div class=\"elementor-column elementor-col-66 elementor-top-column elementor-element elementor-element-4cadfc3b\" data-id=\"4cadfc3b\" data-element_type=\"column\" data-e-type=\"column\">\n\t\t\t<div class=\"elementor-widget-wrap elementor-element-populated\">\n\t\t\t\t\t\t<div class=\"elementor-element elementor-element-6da24511 elementor-widget elementor-widget-text-editor\" data-id=\"6da24511\" data-element_type=\"widget\" data-e-type=\"widget\" data-widget_type=\"text-editor.default\">\n\t\t\t\t<div class=\"elementor-widget-container\">\n\t\t\t\t\t\t\t\t\t<p>Somos Marco &amp; Isabelle y seguimos nuestro coraz\u00f3n a Espa\u00f1a. Para nosotros, Espa\u00f1a significa disfrutar del estilo de vida mediterr\u00e1neo, vivir 'tranquilo' y por supuesto de los sabores de la vida culinaria espa\u00f1ola. Desde entonces viajamos y trabajamos en Espa\u00f1a. Lea m\u00e1s sobre nosotros Viva la Vida Buena ...<\/p>\t\t\t\t\t\t\t\t<\/div>\n\t\t\t\t<\/div>\n\t\t\t\t\t<\/div>\n\t\t<\/div>\n\t\t\t\t<div class=\"elementor-column elementor-col-33 elementor-top-column elementor-element elementor-element-7d5aa33e\" data-id=\"7d5aa33e\" data-element_type=\"column\" data-e-type=\"column\">\n\t\t\t<div class=\"elementor-widget-wrap\">\n\t\t\t\t\t\t\t<\/div>\n\t\t<\/div>\n\t\t\t\t\t<\/div>\n\t\t<\/section>\n\t\t\t\t<section class=\"elementor-section elementor-top-section elementor-element elementor-element-7fe7be99 elementor-section-boxed elementor-section-height-default elementor-section-height-default\" data-id=\"7fe7be99\" data-element_type=\"section\" data-e-type=\"section\">\n\t\t\t\t\t\t<div class=\"elementor-container elementor-column-gap-default\">\n\t\t\t\t\t<div class=\"elementor-column elementor-col-100 elementor-top-column elementor-element elementor-element-42604e96\" data-id=\"42604e96\" data-element_type=\"column\" data-e-type=\"column\">\n\t\t\t<div class=\"elementor-widget-wrap elementor-element-populated\">\n\t\t\t\t\t\t<div class=\"elementor-element elementor-element-4cfff31c elementor-widget elementor-widget-spacer\" data-id=\"4cfff31c\" data-element_type=\"widget\" data-e-type=\"widget\" data-widget_type=\"spacer.default\">\n\t\t\t\t<div class=\"elementor-widget-container\">\n\t\t\t\t\t\t\t<div class=\"elementor-spacer\">\n\t\t\t<div class=\"elementor-spacer-inner\"><\/div>\n\t\t<\/div>\n\t\t\t\t\t\t<\/div>\n\t\t\t\t<\/div>\n\t\t\t\t\t<\/div>\n\t\t<\/div>\n\t\t\t\t\t<\/div>\n\t\t<\/section>\n\t\t\t\t<section class=\"elementor-section elementor-top-section elementor-element elementor-element-0f094ff elementor-section-boxed elementor-section-height-default elementor-section-height-default\" data-id=\"0f094ff\" data-element_type=\"section\" data-e-type=\"section\">\n\t\t\t\t\t\t<div class=\"elementor-container elementor-column-gap-default\">\n\t\t\t\t\t<div class=\"elementor-column elementor-col-100 elementor-top-column elementor-element elementor-element-9dc1862\" data-id=\"9dc1862\" data-element_type=\"column\" data-e-type=\"column\">\n\t\t\t<div class=\"elementor-widget-wrap elementor-element-populated\">\n\t\t\t\t\t\t<div class=\"elementor-element elementor-element-a73d136 elementor-arrows-position-inside elementor-pagination-position-outside elementor-widget elementor-widget-image-carousel\" data-id=\"a73d136\" data-element_type=\"widget\" data-e-type=\"widget\" data-settings=\"{&quot;slides_to_show&quot;:&quot;2&quot;,&quot;slides_to_scroll&quot;:&quot;1&quot;,&quot;navigation&quot;:&quot;both&quot;,&quot;autoplay&quot;:&quot;yes&quot;,&quot;pause_on_hover&quot;:&quot;yes&quot;,&quot;pause_on_interaction&quot;:&quot;yes&quot;,&quot;autoplay_speed&quot;:5000,&quot;infinite&quot;:&quot;yes&quot;,&quot;speed&quot;:500}\" data-widget_type=\"image-carousel.default\">\n\t\t\t\t<div class=\"elementor-widget-container\">\n\t\t\t\t\t\t\t<div class=\"elementor-image-carousel-wrapper swiper\" role=\"region\" aria-roledescription=\"carousel\" aria-label=\"Carrusel de im\u00e1genes\" dir=\"ltr\">\n\t\t\t<div class=\"elementor-image-carousel swiper-wrapper\" aria-live=\"off\">\n\t\t\t\t\t\t\t\t<div class=\"swiper-slide\" role=\"group\" aria-roledescription=\"slide\" aria-label=\"1 de 3\"><figure class=\"swiper-slide-inner\"><img decoding=\"async\" class=\"swiper-slide-image\" src=\"https:\/\/vivalavidabuena.com\/wp-content\/uploads\/Portretfoto-Isabelle-1024x1024.jpg\" alt=\"Viva la Vida Buena | Casa de vacaciones | Interiorismo | Costa Blanca\" \/><\/figure><\/div><div class=\"swiper-slide\" role=\"group\" aria-roledescription=\"slide\" aria-label=\"2 de 3\"><figure class=\"swiper-slide-inner\"><img decoding=\"async\" class=\"swiper-slide-image\" src=\"https:\/\/vivalavidabuena.com\/wp-content\/uploads\/Portretfoto-samen-1024x1024.jpg\" alt=\"Viva la Vida Buena | Casa de vacaciones | Interiorismo | Costa Blanca\" \/><\/figure><\/div><div class=\"swiper-slide\" role=\"group\" aria-roledescription=\"slide\" aria-label=\"3 de 3\"><figure class=\"swiper-slide-inner\"><img decoding=\"async\" class=\"swiper-slide-image\" src=\"https:\/\/vivalavidabuena.com\/wp-content\/uploads\/Portretfoto-Marco-1024x1024.jpg\" alt=\"Viva la Vida Buena | Casa de vacaciones | Interiorismo | Costa Blanca\" \/><\/figure><\/div>\t\t\t<\/div>\n\t\t\t\t\t\t\t\t\t\t\t\t<div class=\"elementor-swiper-button elementor-swiper-button-prev\" role=\"button\" tabindex=\"0\">\n\t\t\t\t\t\t<i aria-hidden=\"true\" class=\"eicon-chevron-left\"><\/i>\t\t\t\t\t<\/div>\n\t\t\t\t\t<div class=\"elementor-swiper-button elementor-swiper-button-next\" role=\"button\" tabindex=\"0\">\n\t\t\t\t\t\t<i aria-hidden=\"true\" class=\"eicon-chevron-right\"><\/i>\t\t\t\t\t<\/div>\n\t\t\t\t\n\t\t\t\t\t\t\t\t\t<div class=\"swiper-pagination\"><\/div>\n\t\t\t\t\t\t\t\t\t<\/div>\n\t\t\t\t\t\t<\/div>\n\t\t\t\t<\/div>\n\t\t\t\t\t<\/div>\n\t\t<\/div>\n\t\t\t\t\t<\/div>\n\t\t<\/section>\n\t\t\t\t<section class=\"elementor-section elementor-top-section elementor-element elementor-element-1b0cb24 elementor-section-boxed elementor-section-height-default elementor-section-height-default\" data-id=\"1b0cb24\" data-element_type=\"section\" data-e-type=\"section\">\n\t\t\t\t\t\t<div class=\"elementor-container elementor-column-gap-default\">\n\t\t\t\t\t<div class=\"elementor-column elementor-col-100 elementor-top-column elementor-element elementor-element-621f2ea\" data-id=\"621f2ea\" data-element_type=\"column\" data-e-type=\"column\">\n\t\t\t<div class=\"elementor-widget-wrap elementor-element-populated\">\n\t\t\t\t\t\t<div class=\"elementor-element elementor-element-413aab2 elementor-widget elementor-widget-text-editor\" data-id=\"413aab2\" data-element_type=\"widget\" data-e-type=\"widget\" data-widget_type=\"text-editor.default\">\n\t\t\t\t<div class=\"elementor-widget-container\">\n\t\t\t\t\t\t\t\t\t<p>Como la mayor\u00eda de nosotros, terminamos en la carrera de ratas del trabajo. Est\u00e1bamos deseando pasar tiempo juntos, disfrutar de la vida y ponernos al d\u00eda con amigos y familiares. No pudimos gestionarlo hasta que decidimos comprar una casa de vacaciones en Espa\u00f1a. Esto se convirti\u00f3 en un paso que cambi\u00f3 la vida, ya que r\u00e1pidamente nos dimos cuenta de que est\u00e1bamos m\u00e1s en casa en Espa\u00f1a que en casa.<\/p><p>Quer\u00edamos disfrutar de la vida. Pasar tiempo juntos. Vivir la vida mediterr\u00e1nea. Quer\u00edamos vivir m\u00e1s despacio, m\u00e1s conscientes de qui\u00e9nes somos y d\u00f3nde estamos. Quer\u00edamos vivir m\u00e1s con las estaciones y el flujo de la vida cotidiana en Espa\u00f1a. Lo hemos conseguido y ahora disfrutamos de la vida mediterr\u00e1nea todos los d\u00edas.<\/p><p>Con Viva la Vida Buena intentamos endosar el estilo de vida mediterr\u00e1neo a nuestro negocio. Nuestro objetivo es que la gente se empape de la vida espa\u00f1ola, que nuestros hu\u00e9spedes bajen el ritmo y disfruten del estilo de vida mediterr\u00e1neo.<\/p><p>Con nuestras estancias vacacionales ofrecemos casas con estilo en ubicaciones \u00fanicas con unas vistas inmejorables. Para nosotros, una experiencia vacacional \u00fanica se encuentra en los detalles. No se trata s\u00f3lo de una bonita casa en un buen sitio. Todo debe ser perfecto y hacerte sonre\u00edr. Desde el primer contacto al reservar hasta el momento del check-out. Nuestra intenci\u00f3n es ofrecerle una experiencia vacacional que nunca olvidar\u00e1 y, a\u00fan mejor, hacer que vuelva.<\/p><p>La otra parte de nuestro negocio es el dise\u00f1o interior y las reformas de viviendas (vacacionales) en la Costa Blanca. Incorporamos el estilo mediterr\u00e1neo que expresamos en nuestras estancias vacacionales en las casas de nuestros clientes. Para cada cliente dise\u00f1amos cuidadosamente un interior que se adapte a \u00e9l y a la casa. Con nuestro conocimiento de reformas le guiamos a trav\u00e9s de los trabajos de renovaci\u00f3n sin ning\u00fan tipo de molestia.<\/p><p>Eso es lo que significa para nosotros Viva la Vida Buena \u2728<\/p>\t\t\t\t\t\t\t\t<\/div>\n\t\t\t\t<\/div>\n\t\t\t\t\t<\/div>\n\t\t<\/div>\n\t\t\t\t\t<\/div>\n\t\t<\/section>\n\t\t\t\t<\/div>","protected":false},"excerpt":{"rendered":"<p>About us. We are Marco &amp; Isabelle and followed our &hellip;<\/p>","protected":false},"author":13,"featured_media":0,"parent":0,"menu_order":0,"comment_status":"closed","ping_status":"closed","template":"","meta":{"_joinchat":[],"footnotes":""},"class_list":["post-7518","page","type-page","status-publish","hentry"],"_links":{"self":[{"href":"https:\/\/vivalavidabuena.com\/es\/wp-json\/wp\/v2\/pages\/7518","targetHints":{"allow":["GET"]}}],"collection":[{"href":"https:\/\/vivalavidabuena.com\/es\/wp-json\/wp\/v2\/pages"}],"about":[{"href":"https:\/\/vivalavidabuena.com\/es\/wp-json\/wp\/v2\/types\/page"}],"author":[{"embeddable":true,"href":"https:\/\/vivalavidabuena.com\/es\/wp-json\/wp\/v2\/users\/13"}],"replies":[{"embeddable":true,"href":"https:\/\/vivalavidabuena.com\/es\/wp-json\/wp\/v2\/comments?post=7518"}],"version-history":[{"count":16,"href":"https:\/\/vivalavidabuena.com\/es\/wp-json\/wp\/v2\/pages\/7518\/revisions"}],"predecessor-version":[{"id":8426,"href":"https:\/\/vivalavidabuena.com\/es\/wp-json\/wp\/v2\/pages\/7518\/revisions\/8426"}],"wp:attachment":[{"href":"https:\/\/vivalavidabuena.com\/es\/wp-json\/wp\/v2\/media?parent=7518"}],"curies":[{"name":"wp","href":"https:\/\/api.w.org\/{rel}","templated":true}]}}