{"id":8396,"date":"2025-05-27T13:00:56","date_gmt":"2025-05-27T11:00:56","guid":{"rendered":"https:\/\/vivalavidabuena.com\/?page_id=8396"},"modified":"2025-05-28T10:17:23","modified_gmt":"2025-05-28T08:17:23","slug":"ca-la-bella-in-vt-wonen","status":"publish","type":"page","link":"https:\/\/vivalavidabuena.com\/es\/ca-la-bella-in-vt-wonen\/","title":{"rendered":"Ca la Bella en VT Wonen"},"content":{"rendered":"<a href=\"https:\/\/vivalavidabuena.com\/wp-content\/uploads\/Reportage-calabella-lliber-vtwonen.pdf\" class=\"pdfemb-viewer\" style=\"\" data-width=\"max\" data-height=\"max\" data-toolbar=\"bottom\" data-toolbar-fixed=\"off\">Reportaje-calabella-lliber-vtwonen<\/a>\n\n\n<p class=\"has-white-color has-text-color has-link-color has-small-font-size wp-elements-90947a9a78f1613a1b13f47dd68fd98d\">Ca la Bella en VT Wonen. Ca la Bella: Nuestro sue\u00f1o mediterr\u00e1neo en VT Wonen. Estamos m\u00e1s que emocionados de compartir que nuestra casa, <em>Ca la Bella<\/em>\u00a1situado en el coraz\u00f3n de Ll\u00edber (Espa\u00f1a), ha aparecido en la revista holandesa de interiorismo VT Wonen! De escapada de vacaciones a hogar permanente. Nuestro viaje comenz\u00f3 con un deseo de m\u00e1s sol, tranquilidad y tiempo de calidad juntos. Esto nos llev\u00f3 a dejar atr\u00e1s la costa holandesa y abrazar la campi\u00f1a espa\u00f1ola. Descubrimos una encantadora finca de 1900 en Ll\u00edber, rodeada de vi\u00f1edos y campos de almendros, que transformamos en nuestra residencia permanente. Dise\u00f1o con alma y coraz\u00f3n. En colaboraci\u00f3n con la estilista Inge van Lieshout y el fot\u00f3grafo Louis Lemaire, el equipo de VT Wonen capt\u00f3 a la perfecci\u00f3n la esencia de nuestro hogar. <em>Ca la Bella<\/em>. Los interiores reflejan una armoniosa mezcla de encanto r\u00fastico y confort moderno, con muebles de origen local, cojines hechos a medida y elementos artesanales. La perfecta transici\u00f3n entre los espacios interiores y exteriores nos permite abrazar plenamente el estilo de vida mediterr\u00e1neo. Un agradecimiento. Nos sentimos honrados de que VT Wonen haya mostrado nuestra casa, destacando la calidez y autenticidad que hemos infundido en cada rinc\u00f3n. Su reportaje no s\u00f3lo cuenta nuestra historia, sino que tambi\u00e9n celebra la belleza de adoptar una forma de vida m\u00e1s lenta e intencionada.<\/p>","protected":false},"excerpt":{"rendered":"<p>Ca la Bella en VT Wonen. Ca la Bella: Nuestra ...<\/p>","protected":false},"author":13,"featured_media":0,"parent":0,"menu_order":0,"comment_status":"closed","ping_status":"closed","template":"","meta":{"_joinchat":[],"footnotes":""},"class_list":["post-8396","page","type-page","status-publish","hentry"],"_links":{"self":[{"href":"https:\/\/vivalavidabuena.com\/es\/wp-json\/wp\/v2\/pages\/8396","targetHints":{"allow":["GET"]}}],"collection":[{"href":"https:\/\/vivalavidabuena.com\/es\/wp-json\/wp\/v2\/pages"}],"about":[{"href":"https:\/\/vivalavidabuena.com\/es\/wp-json\/wp\/v2\/types\/page"}],"author":[{"embeddable":true,"href":"https:\/\/vivalavidabuena.com\/es\/wp-json\/wp\/v2\/users\/13"}],"replies":[{"embeddable":true,"href":"https:\/\/vivalavidabuena.com\/es\/wp-json\/wp\/v2\/comments?post=8396"}],"version-history":[{"count":3,"href":"https:\/\/vivalavidabuena.com\/es\/wp-json\/wp\/v2\/pages\/8396\/revisions"}],"predecessor-version":[{"id":8441,"href":"https:\/\/vivalavidabuena.com\/es\/wp-json\/wp\/v2\/pages\/8396\/revisions\/8441"}],"wp:attachment":[{"href":"https:\/\/vivalavidabuena.com\/es\/wp-json\/wp\/v2\/media?parent=8396"}],"curies":[{"name":"wp","href":"https:\/\/api.w.org\/{rel}","templated":true}]}}